{"id":5266,"date":"2023-11-07T16:53:10","date_gmt":"2023-11-07T21:53:10","guid":{"rendered":"https:\/\/www.jacquescartierpizza.com\/?page_id=5266"},"modified":"2023-11-07T16:53:15","modified_gmt":"2023-11-07T21:53:15","slug":"privacy-policy","status":"publish","type":"page","link":"https:\/\/www.jacquescartierpizza.com\/en\/privacy-policy\/","title":{"rendered":"Privacy Policy"},"content":{"rendered":"<div data-elementor-type=\"wp-page\" data-elementor-id=\"5266\" class=\"elementor elementor-5266\" data-elementor-post-type=\"page\">\n\t\t\t\t\t\t<section class=\"elementor-section elementor-top-section elementor-element elementor-element-82692e7 elementor-section-boxed elementor-section-height-default elementor-section-height-default\" data-id=\"82692e7\" data-element_type=\"section\">\n\t\t\t\t\t\t<div class=\"elementor-container elementor-column-gap-default\">\n\t\t\t\t\t<div class=\"elementor-column elementor-col-100 elementor-top-column elementor-element elementor-element-e048f16\" data-id=\"e048f16\" data-element_type=\"column\">\n\t\t\t<div class=\"elementor-widget-wrap elementor-element-populated\">\n\t\t\t\t\t\t<div class=\"elementor-element elementor-element-856fa44 elementor-widget elementor-widget-heading\" data-id=\"856fa44\" data-element_type=\"widget\" data-widget_type=\"heading.default\">\n\t\t\t\t<div class=\"elementor-widget-container\">\n\t\t\t\t\t<h1 class=\"elementor-heading-title elementor-size-default\">Privacy Policy<\/h1>\t\t\t\t<\/div>\n\t\t\t\t<\/div>\n\t\t\t\t<div class=\"elementor-element elementor-element-bbb2524 elementor-widget elementor-widget-text-editor\" data-id=\"bbb2524\" data-element_type=\"widget\" data-widget_type=\"text-editor.default\">\n\t\t\t\t<div class=\"elementor-widget-container\">\n\t\t\t\t\t\t\t\t\t<p><span style=\"font-weight: 400;\">This Privacy Policy sets out how we collect, use, communicate and disclose personal information provided by users of this website.<\/span><\/p><p><span style=\"font-weight: 400;\"><br \/><\/span><b>Collection, use and dissemination of information<\/b><\/p><p><span style=\"font-weight: 400;\">We are the sole owners of the information collected on this website. The only information we have access to and collect is that you voluntarily provide to us via email or any other direct method of contact. We will not sell or rent this information to anyone.<\/span><\/p><p><span style=\"font-weight: 400;\">We will use this personal information to respond to you regarding the reason you contacted us. If necessary, we may communicate your personal information to our business partners as part of the services they may perform for us. We may use this information to communicate marketing or promotional materials to you regarding our products, programs and services.<\/span><\/p><p><b>Your consent<\/b><\/p><p><span style=\"font-weight: 400;\">By providing us with your personal information, you consent to our collecting, using and disclosing it in the manner described in this Privacy Policy.<\/span><\/p><p><span style=\"font-weight: 400;\">If you have submitted personal information to us and wish to withdraw your consent to its retention, use or disclosure, please contact us. If you withdraw your consent, we may no longer be able to provide you with certain products or services.<\/span><\/p><p><b>Security<\/b><\/p><p><span style=\"font-weight: 400;\">We take precautions to protect your information. When you submit information about yourself through this website, that information is protected both online and offline. However, we are not responsible for the practices of websites or services linked to or from this website, including the information and content contained therein.<\/span><\/p><p><b>Cookies<\/b><\/p><p><span style=\"font-weight: 400;\">We may use cookies on this website. A cookie is a piece of data stored on users&#039; hard drives of our website to help us improve their access to our website and identify them when they return. Cookies can also allow us to discover and target the interests of users of our website to improve their experience. We may use cookies to deliver ads related to your experience on our website. The use of a cookie is in no way linked to any personal information that allows you to be identified on our website. Some of our business partners may use cookies on our website, but we have no access to or control over these cookies.<\/span><\/p><p><b>Google Analytics<\/b><\/p><p><span style=\"font-weight: 400;\">We use Google Analytics to analyze the browsing behavior of visitors to this site. This is a website traffic and usage analysis tool provided by Google Inc. Google Analytics collects information on an anonymous basis, such as the number of visitors to the site, browser type and operating system they use, the date, time and duration of visits, the pages viewed, as well as other websites visited before accessing this site.<\/span><\/p><p><span style=\"font-weight: 400;\">Our use of Google Analytics includes the Demographics and Interests reporting component.<\/span><\/p><p><span style=\"font-weight: 400;\">You can opt out of Google Analytics features by downloading the Google Analytics Opt-out Browser Add-on or by configuring your browser settings to block the use of cookies.<\/span><\/p><p><b>Applicable law<\/b><\/p><p><span style=\"font-weight: 400;\">This Privacy Policy and its interpretation are governed by the laws of the Province and the federal laws of Canada applicable therein. The parties hereto agree to submit to the exclusive jurisdiction of the courts of said province, unless prohibited by law.<\/span><\/p><p><span style=\"font-weight: 400;\">If you have any concerns regarding this Privacy Policy, please send a short explanation of your concerns.<\/span><\/p><p><b>Grievance Officer \/ Data Protection<\/b><\/p><p><span style=\"font-weight: 400;\">If you have any questions or concerns regarding the processing of your information available to us, you can telephone our administration at <a class=\"elementor-button elementor-button-link elementor-size-sm\" href=\"tel:4506181692\"><span class=\"elementor-button-content-wrapper\"><span class=\"elementor-button-text\">(450) 618-1692<\/span><\/span><\/a><\/span><span style=\"font-weight: 400;\">.<\/span><\/p>\t\t\t\t\t\t\t\t<\/div>\n\t\t\t\t<\/div>\n\t\t\t\t\t<\/div>\n\t\t<\/div>\n\t\t\t\t\t<\/div>\n\t\t<\/section>\n\t\t\t\t<\/div>","protected":false},"excerpt":{"rendered":"<p>Privacy Policy This Privacy Policy sets out how we collect, use, communicate and disclose personal information provided by users of this website. Collection, use and distribution of information We are the sole owners of the information collected on this website. The only information to which we have access and [\u2026]<\/p>","protected":false},"author":1,"featured_media":0,"parent":0,"menu_order":0,"comment_status":"closed","ping_status":"closed","template":"","meta":{"footnotes":""},"class_list":["post-5266","page","type-page","status-publish","hentry"],"yoast_head":"<!-- This site is optimized with the Yoast SEO plugin v27.3 - https:\/\/yoast.com\/product\/yoast-seo-wordpress\/ -->\n<title>Politique de confidentialit\u00e9 - Jacques Cartier Pizza<\/title>\n<meta name=\"robots\" content=\"index, follow, max-snippet:-1, max-image-preview:large, max-video-preview:-1\" \/>\n<link rel=\"canonical\" href=\"https:\/\/www.jacquescartierpizza.com\/en\/privacy-policy\/\" \/>\n<meta property=\"og:locale\" content=\"en_US\" \/>\n<meta property=\"og:type\" content=\"article\" \/>\n<meta property=\"og:title\" content=\"Politique de confidentialit\u00e9 - Jacques Cartier Pizza\" \/>\n<meta property=\"og:description\" content=\"Politique de confidentialit\u00e9 La pr\u00e9sente politique de confidentialit\u00e9 \u00e9nonce la fa\u00e7on dont nous recueillons, utilisons, communiquons et divulguons les renseignements personnels fournis par les utilisateurs de ce site Web. Collecte, utilisation et diffusion des renseignements Nous sommes les seuls propri\u00e9taires des renseignements recueillis sur ce site Web. Les seuls renseignements auxquels nous avons acc\u00e8s et [&hellip;]\" \/>\n<meta property=\"og:url\" content=\"https:\/\/www.jacquescartierpizza.com\/en\/privacy-policy\/\" \/>\n<meta property=\"og:site_name\" content=\"Jacques Cartier Pizza\" \/>\n<meta property=\"article:modified_time\" content=\"2023-11-07T21:53:15+00:00\" \/>\n<meta name=\"twitter:card\" content=\"summary_large_image\" \/>\n<meta name=\"twitter:label1\" content=\"Est. reading time\" \/>\n\t<meta name=\"twitter:data1\" content=\"4 minutes\" \/>\n<script type=\"application\/ld+json\" class=\"yoast-schema-graph\">{\"@context\":\"https:\\\/\\\/schema.org\",\"@graph\":[{\"@type\":\"WebPage\",\"@id\":\"https:\\\/\\\/www.jacquescartierpizza.com\\\/politique-de-confidentialite\\\/\",\"url\":\"https:\\\/\\\/www.jacquescartierpizza.com\\\/politique-de-confidentialite\\\/\",\"name\":\"Politique de confidentialit\u00e9 - Jacques Cartier Pizza\",\"isPartOf\":{\"@id\":\"https:\\\/\\\/www.jacquescartierpizza.com\\\/#website\"},\"datePublished\":\"2023-11-07T21:53:10+00:00\",\"dateModified\":\"2023-11-07T21:53:15+00:00\",\"breadcrumb\":{\"@id\":\"https:\\\/\\\/www.jacquescartierpizza.com\\\/politique-de-confidentialite\\\/#breadcrumb\"},\"inLanguage\":\"en-US\",\"potentialAction\":[{\"@type\":\"ReadAction\",\"target\":[\"https:\\\/\\\/www.jacquescartierpizza.com\\\/politique-de-confidentialite\\\/\"]}]},{\"@type\":\"BreadcrumbList\",\"@id\":\"https:\\\/\\\/www.jacquescartierpizza.com\\\/politique-de-confidentialite\\\/#breadcrumb\",\"itemListElement\":[{\"@type\":\"ListItem\",\"position\":1,\"name\":\"Accueil\",\"item\":\"https:\\\/\\\/www.jacquescartierpizza.com\\\/\"},{\"@type\":\"ListItem\",\"position\":2,\"name\":\"Politique de confidentialit\u00e9\"}]},{\"@type\":\"WebSite\",\"@id\":\"https:\\\/\\\/www.jacquescartierpizza.com\\\/#website\",\"url\":\"https:\\\/\\\/www.jacquescartierpizza.com\\\/\",\"name\":\"Jacques Cartier Pizza\",\"description\":\"La pizza, une affaire familiale de quatre g\u00e9n\u00e9rations\",\"publisher\":{\"@id\":\"https:\\\/\\\/www.jacquescartierpizza.com\\\/#organization\"},\"potentialAction\":[{\"@type\":\"SearchAction\",\"target\":{\"@type\":\"EntryPoint\",\"urlTemplate\":\"https:\\\/\\\/www.jacquescartierpizza.com\\\/?s={search_term_string}\"},\"query-input\":{\"@type\":\"PropertyValueSpecification\",\"valueRequired\":true,\"valueName\":\"search_term_string\"}}],\"inLanguage\":\"en-US\"},{\"@type\":\"Organization\",\"@id\":\"https:\\\/\\\/www.jacquescartierpizza.com\\\/#organization\",\"name\":\"Jacques Cartier Pizza\",\"url\":\"https:\\\/\\\/www.jacquescartierpizza.com\\\/\",\"logo\":{\"@type\":\"ImageObject\",\"inLanguage\":\"en-US\",\"@id\":\"https:\\\/\\\/www.jacquescartierpizza.com\\\/#\\\/schema\\\/logo\\\/image\\\/\",\"url\":\"https:\\\/\\\/www.jacquescartierpizza.com\\\/wp-content\\\/uploads\\\/2021\\\/05\\\/Jacques_Cartier_Pizza_Logo_Bonhomme.png\",\"contentUrl\":\"https:\\\/\\\/www.jacquescartierpizza.com\\\/wp-content\\\/uploads\\\/2021\\\/05\\\/Jacques_Cartier_Pizza_Logo_Bonhomme.png\",\"width\":612,\"height\":612,\"caption\":\"Jacques Cartier Pizza\"},\"image\":{\"@id\":\"https:\\\/\\\/www.jacquescartierpizza.com\\\/#\\\/schema\\\/logo\\\/image\\\/\"}}]}<\/script>\n<!-- \/ Yoast SEO plugin. -->","yoast_head_json":{"title":"Privacy policy - Jacques Cartier Pizza","robots":{"index":"index","follow":"follow","max-snippet":"max-snippet:-1","max-image-preview":"max-image-preview:large","max-video-preview":"max-video-preview:-1"},"canonical":"https:\/\/www.jacquescartierpizza.com\/en\/privacy-policy\/","og_locale":"en_US","og_type":"article","og_title":"Politique de confidentialit\u00e9 - Jacques Cartier Pizza","og_description":"Politique de confidentialit\u00e9 La pr\u00e9sente politique de confidentialit\u00e9 \u00e9nonce la fa\u00e7on dont nous recueillons, utilisons, communiquons et divulguons les renseignements personnels fournis par les utilisateurs de ce site Web. Collecte, utilisation et diffusion des renseignements Nous sommes les seuls propri\u00e9taires des renseignements recueillis sur ce site Web. Les seuls renseignements auxquels nous avons acc\u00e8s et [&hellip;]","og_url":"https:\/\/www.jacquescartierpizza.com\/en\/privacy-policy\/","og_site_name":"Jacques Cartier Pizza","article_modified_time":"2023-11-07T21:53:15+00:00","twitter_card":"summary_large_image","twitter_misc":{"Est. reading time":"4 minutes"},"schema":{"@context":"https:\/\/schema.org","@graph":[{"@type":"WebPage","@id":"https:\/\/www.jacquescartierpizza.com\/politique-de-confidentialite\/","url":"https:\/\/www.jacquescartierpizza.com\/politique-de-confidentialite\/","name":"Privacy policy - Jacques Cartier Pizza","isPartOf":{"@id":"https:\/\/www.jacquescartierpizza.com\/#website"},"datePublished":"2023-11-07T21:53:10+00:00","dateModified":"2023-11-07T21:53:15+00:00","breadcrumb":{"@id":"https:\/\/www.jacquescartierpizza.com\/politique-de-confidentialite\/#breadcrumb"},"inLanguage":"en-US","potentialAction":[{"@type":"ReadAction","target":["https:\/\/www.jacquescartierpizza.com\/politique-de-confidentialite\/"]}]},{"@type":"BreadcrumbList","@id":"https:\/\/www.jacquescartierpizza.com\/politique-de-confidentialite\/#breadcrumb","itemListElement":[{"@type":"ListItem","position":1,"name":"Accueil","item":"https:\/\/www.jacquescartierpizza.com\/"},{"@type":"ListItem","position":2,"name":"Politique de confidentialit\u00e9"}]},{"@type":"WebSite","@id":"https:\/\/www.jacquescartierpizza.com\/#website","url":"https:\/\/www.jacquescartierpizza.com\/","name":"Jacques Cartier Pizza","description":"Pizza, a four-generation family affair","publisher":{"@id":"https:\/\/www.jacquescartierpizza.com\/#organization"},"potentialAction":[{"@type":"SearchAction","target":{"@type":"EntryPoint","urlTemplate":"https:\/\/www.jacquescartierpizza.com\/?s={search_term_string}"},"query-input":{"@type":"PropertyValueSpecification","valueRequired":true,"valueName":"search_term_string"}}],"inLanguage":"en-US"},{"@type":"Organization","@id":"https:\/\/www.jacquescartierpizza.com\/#organization","name":"Jacques Cartier Pizza","url":"https:\/\/www.jacquescartierpizza.com\/","logo":{"@type":"ImageObject","inLanguage":"en-US","@id":"https:\/\/www.jacquescartierpizza.com\/#\/schema\/logo\/image\/","url":"https:\/\/www.jacquescartierpizza.com\/wp-content\/uploads\/2021\/05\/Jacques_Cartier_Pizza_Logo_Bonhomme.png","contentUrl":"https:\/\/www.jacquescartierpizza.com\/wp-content\/uploads\/2021\/05\/Jacques_Cartier_Pizza_Logo_Bonhomme.png","width":612,"height":612,"caption":"Jacques Cartier Pizza"},"image":{"@id":"https:\/\/www.jacquescartierpizza.com\/#\/schema\/logo\/image\/"}}]}},"_links":{"self":[{"href":"https:\/\/www.jacquescartierpizza.com\/en\/wp-json\/wp\/v2\/pages\/5266","targetHints":{"allow":["GET"]}}],"collection":[{"href":"https:\/\/www.jacquescartierpizza.com\/en\/wp-json\/wp\/v2\/pages"}],"about":[{"href":"https:\/\/www.jacquescartierpizza.com\/en\/wp-json\/wp\/v2\/types\/page"}],"author":[{"embeddable":true,"href":"https:\/\/www.jacquescartierpizza.com\/en\/wp-json\/wp\/v2\/users\/1"}],"replies":[{"embeddable":true,"href":"https:\/\/www.jacquescartierpizza.com\/en\/wp-json\/wp\/v2\/comments?post=5266"}],"version-history":[{"count":5,"href":"https:\/\/www.jacquescartierpizza.com\/en\/wp-json\/wp\/v2\/pages\/5266\/revisions"}],"predecessor-version":[{"id":5271,"href":"https:\/\/www.jacquescartierpizza.com\/en\/wp-json\/wp\/v2\/pages\/5266\/revisions\/5271"}],"wp:attachment":[{"href":"https:\/\/www.jacquescartierpizza.com\/en\/wp-json\/wp\/v2\/media?parent=5266"}],"curies":[{"name":"wp","href":"https:\/\/api.w.org\/{rel}","templated":true}]}}